{"id":6674,"date":"2024-03-26T13:37:30","date_gmt":"2024-03-26T13:37:30","guid":{"rendered":"https:\/\/stoquart.com\/privacy-policy\/"},"modified":"2024-05-16T07:43:16","modified_gmt":"2024-05-16T07:43:16","slug":"datenschutzrichtlinie","status":"publish","type":"page","link":"https:\/\/www.stoquart.com\/de\/datenschutzrichtlinie\/","title":{"rendered":"Datenschutzrichtlinie"},"content":{"rendered":"\t\t<div data-elementor-type=\"wp-page\" data-elementor-id=\"6674\" class=\"elementor elementor-6674 elementor-3\" data-elementor-post-type=\"page\">\n\t\t\t\t<div class=\"elementor-element elementor-element-c39ce9c e-flex e-con-boxed e-con e-parent\" data-id=\"c39ce9c\" data-element_type=\"container\" data-e-type=\"container\" data-settings=\"{&quot;background_background&quot;:&quot;classic&quot;}\">\n\t\t\t\t\t<div class=\"e-con-inner\">\n\t\t<div class=\"elementor-element elementor-element-6adfa7b e-flex e-con-boxed e-con e-child\" data-id=\"6adfa7b\" data-element_type=\"container\" data-e-type=\"container\">\n\t\t\t\t\t<div class=\"e-con-inner\">\n\t\t<div class=\"elementor-element elementor-element-18117d6 e-con-full e-flex e-con e-child\" data-id=\"18117d6\" data-element_type=\"container\" data-e-type=\"container\">\n\t\t\t\t<div class=\"elementor-element elementor-element-de632d5 breadcrumb elementor-widget elementor-widget-shortcode\" data-id=\"de632d5\" data-element_type=\"widget\" data-e-type=\"widget\" data-widget_type=\"shortcode.default\">\n\t\t\t\t<div class=\"elementor-widget-container\">\n\t\t\t\t\t\t\t<div class=\"elementor-shortcode\"><nav aria-label=\"breadcrumbs\" class=\"rank-math-breadcrumb\"><p><span class=\"last\">Startseite<\/span><\/p><\/nav><\/div>\n\t\t\t\t\t\t<\/div>\n\t\t\t\t<\/div>\n\t\t\t\t<div class=\"elementor-element elementor-element-84d7b28 elementor-widget elementor-widget-heading\" data-id=\"84d7b28\" data-element_type=\"widget\" data-e-type=\"widget\" data-widget_type=\"heading.default\">\n\t\t\t\t<div class=\"elementor-widget-container\">\n\t\t\t\t\t<h1 class=\"elementor-heading-title elementor-size-default\">Datenschutzrichtlinie<\/h1>\t\t\t\t<\/div>\n\t\t\t\t<\/div>\n\t\t\t\t<\/div>\n\t\t\t\t\t<\/div>\n\t\t\t\t<\/div>\n\t\t\t\t\t<\/div>\n\t\t\t\t<\/div>\n\t\t<div class=\"elementor-element elementor-element-9fc85a5 e-flex e-con-boxed e-con e-parent\" data-id=\"9fc85a5\" data-element_type=\"container\" data-e-type=\"container\">\n\t\t\t\t\t<div class=\"e-con-inner\">\n\t\t\t\t<div class=\"elementor-element elementor-element-4e275977 elementor-widget elementor-widget-text-editor\" data-id=\"4e275977\" data-element_type=\"widget\" data-e-type=\"widget\" data-widget_type=\"text-editor.default\">\n\t\t\t\t<div class=\"elementor-widget-container\">\n\t\t\t\t\t\t\t\t\t<p>Zuletzt aktualisiert: 27. August 2021<\/p><p>Diese Datenschutzrichtlinie bezieht sich auf unsere Richtlinien und Verfahren zur Erfassung, Nutzung und Offenlegung Ihrer Daten f\u00fcr den Fall, dass Sie den Service in Anspruch nehmen. Zudem enth\u00e4lt sie Informationen \u00fcber Ihre Datenschutz- und Pers\u00f6nlichkeitsrechte sowie \u00fcber ihren gesetzlichen Schutz.<\/p><p>Wir nutzen Ihre personenbezogenen Daten, um den Service bereitzustellen und zu verbessern. Durch die Inanspruchnahme des Service erkl\u00e4ren Sie sich mit der Erfassung und Nutzung von Daten gem\u00e4\u00df dieser Datenschutzrichtlinie einverstanden. Diese Datenschutzrichtlinie wurde mithilfe des \u201ePrivacy Policy Generator\u201c, eines Programms zum Verfassen von Datenschutzrichtlinien, erstellt.<\/p><h2>Auslegung und Definitionen<\/h2><h3>Auslegung<\/h3><p>Die unten aufgef\u00fchrten W\u00f6rter haben die unter den folgenden Bedingungen definierten Bedeutungen. Die nachfolgend definierten Bezeichnungen sind im Rahmen dieser Datenschutzrichtlinie stets eindeutig, unabh\u00e4ngig davon, ob sie im Singular oder im Plural stehen oder flektiert sind.<\/p><h3>Definitionen<\/h3><p>Im Sinne der vorliegenden Datenschutzrichtlinie gilt:<\/p><ul><li><strong>Konto<\/strong> bezieht sich auf ein nur einmal vorhandenes Konto, das f\u00fcr Sie erstellt wurde, damit Sie auf unseren Service oder Teile davon zugreifen k\u00f6nnen.<\/li><li><strong>Unternehmen<\/strong> (in diesem Vertrag als \u201edas Unternehmen\u201c, \u201ewir\u201c, \u201euns\u201c, \u201eunser\u201c, \u201eunsere\u201c, \u201eunseren\u201c, \u201eunserem\u201c oder \u201eunseres\u201c bezeichnet) bezieht sich auf Stoquart, Boulevard Initialis 20, 7000 Mons.<\/li><li><strong>Cookies<\/strong> sind kleine Dateien, die von einer Website auf Ihrem Computer, Ihrem mobilen Ger\u00e4t oder einem anderen Ger\u00e4t abgelegt werden und die unter anderem Angaben zu Ihrem Surfverhalten auf der betreffenden Website enthalten.<\/li><li><strong>Land<\/strong> bezieht sich im Zusammenhang mit unserem Unternehmen auf: Belgien<\/li><li><strong>Ger\u00e4t<\/strong> bezieht sich auf jedes Ger\u00e4t, das auf den Service zugreifen kann, etwa ein Computer, ein Mobiltelefon oder ein Tablet.<\/li><li><strong>Personenbezogene Daten<\/strong> sind s\u00e4mtliche Informationen, die sich auf eine identifizierte oder identifizierbare Person beziehen.<\/li><li><strong>Service<\/strong> bezieht sich auf die Website.<\/li><li><strong>Dienstanbieter<\/strong> ist jede nat\u00fcrliche oder juristische Person, die Daten im Auftrag des Unternehmens verarbeitet. Die Bezeichnung bezieht sich auf Drittunternehmen oder Einzelpersonen, die vom Unternehmen beauftragt oder besch\u00e4ftigt werden, um den Service zu erm\u00f6glichen oder zu erleichtern, um den Service im Namen des Unternehmens bereitzustellen, um Dienstleistungen im Zusammenhang mit dem Service zu erbringen oder um das Unternehmen bei der Analyse der Nutzung des Service zu unterst\u00fctzen.<\/li><li><strong>Nutzungsdaten<\/strong> bezieht sich auf automatisch erfasste Daten, die entweder durch die Nutzung des Service oder durch die Infrastruktur des Service selbst erzeugt werden (etwa die Dauer des Besuchs auf einer Seite).<\/li><li><strong>Website<\/strong> bezieht sich auf Stoquart, erreichbar unter <a href=\"https:\/\/www.stoquart.com\/\" target=\"_blank\" rel=\"external nofollow noopener\">https:\/\/www.stoquart.com\/<\/a><\/li><li><strong>Sie<\/strong> und s\u00e4mtliche flektierten Formen davon (beispielsweise \u201eIhr\u201c, \u201eIhre\u201c und \u201eIhnen\u201c) bezieht sich auf die nat\u00fcrliche Person, die auf den Service zugreift oder ihn nutzt, oder auf die Gesellschaft oder eine andere juristische Person, in deren Namen oder Auftrag eine solche Person auf den Service zugreift oder ihn nutzt.<\/li><\/ul><h2>Erfassung und Nutzung Ihrer personenbezogenen Daten<\/h2><h3>Arten von erfassten Daten<\/h3><h4>Personenbezogene Daten<\/h4><p>Im Zusammenhang mit Ihrer Nutzung unseres Service bitten wir Sie m\u00f6glicherweise, uns bestimmte personenbezogene Daten bereitzustellen, anhand derer wir Sie kontaktieren oder identifizieren k\u00f6nnen. Als personenbezogene Daten gelten insbesondere:<\/p><ul><li>E-Mail-Adresse<\/li><li>Vorname und Nachname<\/li><li>Telefonnummer<\/li><li>Adresse, Bundesland, Postleitzahl, Ort<\/li><li>Nutzungsdaten<\/li><\/ul><h4>Nutzungsdaten<\/h4><p>Nutzungsdaten werden bei der Inanspruchnahme des Service automatisch erfasst.<\/p><p>Zu den Nutzungsdaten k\u00f6nnen Informationen wie die Internetprotokolladresse Ihres Ger\u00e4ts (etwa die IP-Adresse), der Browsertyp, die Browserversion, die von Ihnen besuchten Seiten unseres Service, die Uhrzeit und das Datum Ihres Besuchs, die auf diesen Seiten verbrachte Zeit, eindeutige Ger\u00e4tekennungen sowie sonstige Diagnosedaten geh\u00f6ren.<\/p><p>Wenn Sie mithilfe eines mobilen Ger\u00e4ts auf den Service zugreifen, k\u00f6nnen wir bestimmte Informationen automatisch erfassen, insbesondere die Art des von Ihnen genutzten mobilen Ger\u00e4ts, die eindeutige Kennung Ihres mobilen Ger\u00e4ts, die IP-Adresse Ihres mobilen Ger\u00e4ts, Ihr mobiles Betriebssystem, die Art des von Ihnen genutzten mobilen Internetbrowsers, eindeutige Ger\u00e4tekennungen und sonstige Diagnosedaten.<\/p><p>Wir k\u00f6nnen auch Informationen erfassen, die Ihr Browser sendet, wenn Sie unseren Service besuchen oder \u00fcber ein mobiles Ger\u00e4t auf den Service zugreifen.<\/p><h4>Tracking-Technologien und Cookies<\/h4><p>Wir setzen Cookies und \u00e4hnliche Tracking-Technologien ein, um die Aktivit\u00e4ten in Verbindung mit unserem Service zu verfolgen und bestimmte Informationen zu speichern. Als Tracking-Technologien werden Beacons, Tags und Skripte genutzt, um Informationen zu erfassen und zu verfolgen sowie unseren Service zu verbessern und zu analysieren. Zu den von uns eingesetzten Technologien k\u00f6nnen unter anderem die folgenden geh\u00f6ren:<\/p><ul><li><strong>Cookies oder Browser-Cookies.<\/strong> Ein Cookie ist eine kleine Datei, die auf Ihrem Ger\u00e4t abgelegt wird. Sie k\u00f6nnen Ihren Browser so einstellen, dass er alle Cookies ablehnt oder das Senden eines Cookies anzeigt. Wenn Sie jedoch keine Cookies akzeptieren, k\u00f6nnen Sie m\u00f6glicherweise einige Teile unseres Service nicht nutzen. Falls Sie Ihren Browser nicht so eingestellt haben, dass er Cookies ablehnt, kann unser Service m\u00f6glicherweise Cookies einsetzen.<\/li><li><strong>Flash-Cookies.<\/strong> Bei bestimmten Funktionen unseres Service k\u00f6nnen lokal gespeicherte Objekte (oder Flash-Cookies) genutzt werden, um Informationen \u00fcber Ihre Pr\u00e4ferenzen oder Ihre Aktivit\u00e4ten in Verbindung mit unserem Service zu sammeln und zu speichern. F\u00fcr Flash-Cookies gelten nicht die gleichen Browsereinstellungen wie f\u00fcr Browser-Cookies. Weitere Informationen zum L\u00f6schen von Flash-Cookies finden Sie unter \u201eWo kann ich die Einstellungen zum Deaktivieren oder L\u00f6schen von lokal freigegebenen Objekten \u00e4ndern?\u201c auf <a href=\"https:\/\/helpx.adobe.com\/flash-player\/kb\/disable-local-shared-objects-flash.html#main_Where_can_I_change_the_settings_for_disabling__or_deleting_local_shared_objects_\" target=\"_blank\" rel=\"external nofollow noopener\">https:\/\/www.adobe.com\/de\/products\/flashplayer\/end-of-life.html#main_Where_can_I_change_the_settings_for_disabling__or_deleting_local_shared_objects_<\/a><\/li><li><strong>Web Beacons.<\/strong> Bestimmte Bereiche unseres Service und unserer E-Mails k\u00f6nnen kleine elektronische Dateien enthalten, die als Web Beacons (oder auch als Clear Gifs, Pixel Tags und Single-Pixel Gifs) bekannt sind. Diese erm\u00f6glichen es dem Unternehmen beispielsweise, die Nutzer zu z\u00e4hlen, die die betreffenden Seiten besucht oder eine E-Mail ge\u00f6ffnet haben, sowie andere damit verbundene Website-Statistiken zu erstellen (etwa die Erfassung der Beliebtheit eines bestimmten Bereichs sowie die \u00dcberpr\u00fcfung der System- und Serverintegrit\u00e4t).<\/li><\/ul><p>Bei Cookies wird zwischen \u201edauerhaften\u201c (oder \u201epersistenten\u201c) Cookies und \u201eSitzungscookies\u201c (oder \u201eSession-Cookies\u201c) unterschieden. Dauerhafte Cookies verbleiben auf Ihrem Computer oder mobilen Ger\u00e4t, wenn Sie die Online-Sitzung beenden. Sitzungscookies werden gel\u00f6scht, sobald Sie Ihren Webbrowser schlie\u00dfen. Erfahren Sie mehr \u00fcber Cookies: <a href=\"https:\/\/www.privacypolicies.com\/blog\/cookies\/\" target=\"_blank\" rel=\"noopener\">Was sind Cookies?<\/a><\/p><p>Wir nutzen sowohl Sitzungscookies als auch dauerhafte Cookies zu den unten genannten Zwecken:<\/p><ul><li><strong>Notwendige\/Essenzielle Cookies<\/strong><p>Art: Sitzungscookies<\/p><p>Verwaltet von: Uns<\/p><p>Zweck: Diese Cookies sind unbedingt erforderlich, damit wir Ihnen die \u00fcber die Website verf\u00fcgbaren Dienste zur bereitstellen und Ihnen die Nutzung einiger zugeh\u00f6riger Funktionen erm\u00f6glichen k\u00f6nnen. Zudem tragen diese Cookies dazu bei, Nutzer zu authentifizieren und den Missbrauch von Nutzerkonten zu verhindern. Ohne diese Cookies k\u00f6nnen die von Ihnen angeforderten Dienste nicht bereitgestellt werden, und wir nutzen diese Cookies ausschlie\u00dflich dazu, Ihnen diese Dienste bereitzustellen.<\/p><\/li><li><strong>Cookie-Richtlinie\/Hinweis auf Zustimmung zu Cookies<\/strong><p>Art: Dauerhafte Cookies<\/p><p>Verwaltet von: Uns<\/p><p>Zweck: Anhand dieser Cookies l\u00e4sst sich erkennen, ob die Nutzer dem Einsatz von Cookies auf der Website zugestimmt haben.<\/p><\/li><li><strong>Funktionalit\u00e4tscookies<\/strong><p>Art: Dauerhafte Cookies<\/p><p>Verwaltet von: Uns<\/p><p>Zweck: Diese Cookies erm\u00f6glichen es uns, die von Ihnen bei der Nutzung der Website getroffenen Entscheidungen zu speichern, beispielsweise Ihre Anmeldedaten oder Ihre Spracheinstellung. Diese Cookies dienen dazu, Ihnen eine pers\u00f6nlichere Erfahrung zu bieten und zu vermeiden, dass Sie Ihre Einstellungen bei jeder weiteren Nutzung der Website neu vornehmen m\u00fcssen.<\/p><\/li><\/ul><p>Weitere Informationen zu den von uns eingesetzten Cookies und Ihren Wahlm\u00f6glichkeiten in Bezug auf Cookies finden Sie in unserer Cookie-Richtlinie oder im Abschnitt \u201eCookies\u201c unserer Datenschutzrichtlinie.<\/p><h3>Nutzung Ihrer personenbezogenen Daten<\/h3><p>Das Unternehmen kann personenbezogene Daten zu folgenden Zwecken nutzen:<\/p><ul><li><strong>Zur Bereitstellung und Wartung unseres Service<\/strong>, einschlie\u00dflich der \u00dcberwachung der Nutzung unseres Service.<\/li><li><strong>Zur Verwaltung Ihres Kontos:<\/strong> zum Verwalten Ihrer Registrierung als Nutzer des Service. Die von Ihnen bereitgestellten personenbezogenen Daten k\u00f6nnen Ihnen Zugang zu verschiedenen Funktionen des Service verschaffen, die Ihnen als registriertem Nutzer zur Verf\u00fcgung stehen.<\/li><li><strong>Zur Erf\u00fcllung eines Vertrags:<\/strong> Ausarbeitung, Einhaltung und Durchf\u00fchrung des Kaufvertrags f\u00fcr die Produkte, Artikel oder Dienstleistungen, die Sie erworben haben, oder eines anderen mit uns im Rahmen des Service geschlossenen Vertrags.<\/li><li><strong>Zur Kontaktaufnahme mit Ihnen:<\/strong> damit wir Sie mithilfe von E-Mail, Telefon, SMS oder anderen gleichwertigen Formen der elektronischen Kommunikation kontaktieren k\u00f6nnen, beispielsweise Push-Benachrichtigungen einer mobilen Anwendung in Bezug auf Aktualisierungen oder informative Mitteilungen im Zusammenhang mit den Funktionen, Produkten oder vertraglich vereinbarten Diensten, einschlie\u00dflich Sicherheits-Updates, wenn dies f\u00fcr die entsprechende Umsetzung notwendig oder angemessen ist.<\/li><li><strong>Zur Bereitstellung von<\/strong> Neuigkeiten, Sonderangeboten und allgemeinen Informationen \u00fcber andere von uns angebotene Waren, Dienstleistungen und Veranstaltungen, die denen \u00e4hneln, die Sie bereits erworben oder angefragt haben, sofern Sie sich nicht gegen den Erhalt solcher Informationen entschieden haben.<\/li><li><strong>Zur Verwaltung Ihrer Anfragen:<\/strong> damit wir Ihre Anfragen an uns bearbeiten und verwalten k\u00f6nnen.<\/li><li><strong>F\u00fcr Unternehmens\u00fcbertragungen:<\/strong> Wir k\u00f6nnen Ihre Daten nutzen, um eine Fusion, Ver\u00e4u\u00dferung, Umstrukturierung, Reorganisation, Aufl\u00f6sung oder einen anderweitigen Verkauf oder eine \u00dcbertragung einiger oder aller unserer Verm\u00f6genswerte zu bewerten oder durchzuf\u00fchren, sei es als fortgef\u00fchrtes Unternehmen oder als Teil eines Konkurses, einer Liquidation oder eines \u00e4hnlichen Verfahrens, bei dem personenbezogene Daten, die wir \u00fcber die Nutzer unseres Service besitzen, zu den \u00fcbertragenen Verm\u00f6genswerten geh\u00f6ren.<\/li><li><strong>Zu anderen Zwecken<\/strong>: Wir k\u00f6nnen Ihre Daten zu weiteren Zwecken nutzen, etwa zur Datenanalyse, zur Ermittlung von Nutzungstrends, zur Ermittlung der Wirksamkeit unserer Werbekampagnen sowie zur Bewertung und Verbesserung unseres Service, unserer Produkte, unserer Dienstleistungen, unseres Marketings und Ihrer Erfahrungen.<\/li><\/ul><p>Wir k\u00f6nnen Ihre personenbezogenen Daten in den folgenden Situationen weitergeben:<\/p><ul><li><strong>An Dienstanbieter:<\/strong> Wir k\u00f6nnen Ihre personenbezogenen Daten an Dienstanbieter weitergeben, um die Nutzung unseres Service zu \u00fcberwachen und zu analysieren und um Sie zu kontaktieren.<\/li><li><strong>F\u00fcr Unternehmens\u00fcbertragungen:<\/strong> Wir k\u00f6nnen Ihre personenbezogenen Daten in Verbindung mit oder im Rahmen von Verhandlungen \u00fcber eine Fusion, den Verkauf von Unternehmensverm\u00f6gen, die Finanzierung oder die vollst\u00e4ndige oder teilweise \u00dcbernahme unseres Unternehmens durch eine andere Gesellschaft weitergeben oder \u00fcbertragen.<\/li><li><strong>An verbundene Gesellschaften:<\/strong> Unter Umst\u00e4nden geben wir Ihre Daten an unsere verbundenen Gesellschaften weiter; in diesem Fall werden wir von diesen die Einhaltung der vorliegenden Datenschutzrichtlinie verlangen. Zu den verbundenen Gesellschaften geh\u00f6ren unsere Muttergesellschaft und alle anderen Tochtergesellschaften, Joint-Venture-Partner oder sonstigen Gesellschaften, die wir kontrollieren oder die mit uns unter gemeinsamer Kontrolle stehen.<\/li><li><strong>An Gesch\u00e4ftspartner:<\/strong> Unter Umst\u00e4nden geben wir Ihre Daten an unsere Gesch\u00e4ftspartner weiter, um Ihnen bestimmte Produkte, Dienstleistungen oder Werbeaktionen anzubieten.<\/li><li><strong>An andere Nutzer:<\/strong> Wenn Sie personenbezogene Daten weitergeben oder auf andere Weise in den \u00f6ffentlichen Bereichen mit anderen Nutzern interagieren, k\u00f6nnen diese Daten von allen Nutzern eingesehen und \u00f6ffentlich nach au\u00dfen verbreitet werden.<\/li><li><strong>Mit Ihrer Zustimmung<\/strong>: Wir k\u00f6nnen Ihre personenbezogenen Daten mit Ihrer Zustimmung zu jedem anderen Zweck weitergeben.<\/li><\/ul><h3>Aufbewahrung Ihrer personenbezogenen Daten<\/h3><p>Das Unternehmen wird Ihre personenbezogenen Daten nur so lange aufbewahren, wie es f\u00fcr die in der vorliegenden Datenschutzrichtlinie genannten Zwecke erforderlich ist. Wir werden Ihre personenbezogenen Daten in dem Umfang aufbewahren und nutzen, der erforderlich ist, um unseren rechtlichen Verpflichtungen nachzukommen (etwa wenn wir gesetzlich zur Aufbewahrung Ihrer Daten verpflichtet sind), Streitigkeiten beizulegen sowie unsere rechtlichen Vereinbarungen und Richtlinien durchzusetzen.<\/p><p>Des Weiteren bewahrt das Unternehmen auch Nutzungsdaten zu internen Analysezwecken auf. Nutzungsdaten werden im Allgemeinen \u00fcber einen k\u00fcrzeren Zeitraum aufbewahrt, es sei denn, diese Daten werden genutzt, um die Sicherheit oder die Funktionalit\u00e4t unseres Service zu verbessern, oder wir sind gesetzlich verpflichtet, diese Daten \u00fcber l\u00e4ngere Zeitr\u00e4ume aufzubewahren.<\/p><h3>\u00dcbertragung Ihrer personenbezogenen Daten<\/h3><p>Ihre Daten, einschlie\u00dflich personenbezogener Daten, werden an den Standorten des Unternehmens und an anderen Orten, an denen sich die an der Verarbeitung beteiligten Parteien befinden, verarbeitet. Somit k\u00f6nnen diese Daten an Computer au\u00dferhalb Ihres Staates, Ihres Bundeslands, Ihres Landes oder anderer staatlicher Zust\u00e4ndigkeitsbereiche, in denen m\u00f6glicherweise andere Datenschutzgesetze gelten als in Ihrem Zust\u00e4ndigkeitsbereich, \u00fcbertragen und auf diesen gespeichert werden.<\/p><p>Durch Ihre Zustimmung zur vorliegenden Datenschutzrichtlinie und der anschlie\u00dfenden \u00dcbermittlung entsprechender Daten erkl\u00e4ren Sie sich mit dieser \u00dcbertragung einverstanden.<\/p><p>Das Unternehmen ergreift alle angemessenen Ma\u00dfnahmen, um sicherzustellen, dass Ihre Daten sicher und im Einklang mit dieser Datenschutzrichtlinie behandelt werden, und Ihre personenbezogenen Daten werden nur dann an eine Organisation oder ein Land \u00fcbertragen, wenn geeignete Kontrollen vorhanden sind, die die Sicherheit Ihrer Daten und anderer personenbezogener Daten einschlie\u00dfen.<\/p><h3>Offenlegung Ihrer personenbezogenen Daten<\/h3><h4>Unternehmenstransaktionen<\/h4><p>Ist das Unternehmen an einer Fusion, einer \u00dcbernahme oder einem Verkauf von Verm\u00f6genswerten beteiligt, k\u00f6nnen Ihre personenbezogenen Daten \u00fcbertragen werden. Wir werden Sie benachrichtigen, bevor Ihre personenbezogenen Daten \u00fcbertragen werden und unter eine andere Datenschutzrichtlinie fallen.<\/p><h4>Rechtsdurchsetzung<\/h4><p>Unter bestimmten Umst\u00e4nden kann das Unternehmen verpflichtet sein, Ihre personenbezogenen Daten offenzulegen, wenn dies gesetzlich vorgeschrieben ist oder auf berechtigte Anfragen von Beh\u00f6rden (etwa einem Gericht oder einer Regierungsbeh\u00f6rde) eingegangen wird.<\/p><h4>Sonstige rechtliche Anforderungen<\/h4><p>Das Unternehmen kann Ihre personenbezogenen Daten offenlegen, wenn die berechtigte Annahme besteht, dass eine solche Ma\u00dfnahme aus folgenden Gr\u00fcnden notwendig ist:<\/p><ul><li>Erf\u00fcllung einer gesetzlichen Verpflichtung<\/li><li>Schutz und Verteidigung der Rechte und des Eigentums des Unternehmens<\/li><li>Verhinderung oder Untersuchung von m\u00f6glichem Fehlverhalten im Zusammenhang mit dem Service<\/li><li>Schutz der pers\u00f6nlichen Sicherheit der Nutzer des Service oder der \u00d6ffentlichkeit<\/li><li>Schutz vor gesetzlicher Haftung<\/li><\/ul><h3>Sicherheit Ihrer personenbezogenen Daten<\/h3><p>Die Sicherheit Ihrer personenbezogenen Daten ist uns wichtig; beachten Sie jedoch, dass keine Methode der \u00dcbertragung \u00fcber das Internet oder der elektronischen Speicherung uneingeschr\u00e4nkt sicher ist. Wenngleich wir bestrebt sind, Ihre personenbezogenen Daten in wirtschaftlich angemessener Weise zu sch\u00fctzen, k\u00f6nnen wir die absolute Sicherheit dieser Daten nicht gew\u00e4hrleisten.<\/p><h2>Schutz der Privatsph\u00e4re von Kindern<\/h2><p>Unser Service richtet sich nicht an Personen unter 13 Jahren. Wir sammeln nicht wissentlich personenbezogene Daten von Personen unter 13 Jahren. Wenn Sie ein Elternteil oder Erziehungsberechtigter sind und wissen, dass Ihr Kind uns personenbezogene Daten zur Verf\u00fcgung gestellt hat, kontaktieren Sie uns bitte. Sollten wir feststellen, dass wir personenbezogene Daten von Personen unter 13 Jahren ohne Best\u00e4tigung der elterlichen Zustimmung erfasst haben, unternehmen wir Schritte, um diese Daten von unseren Servern zu entfernen.<\/p><p>Falls wir uns auf die Zustimmung als Rechtsgrundlage zur Verarbeitung Ihrer Daten st\u00fctzen m\u00fcssen und Ihr Land die Zustimmung eines Elternteils vorschreibt, k\u00f6nnen wir die Zustimmung Ihres Elternteils verlangen, bevor wir diese Daten erfassen und nutzen.<\/p><h2>Links zu anderen Websites<\/h2><p>Unser Service kann Links zu anderen Websites enthalten, die nicht von uns betrieben werden. Wenn Sie auf einen Link eines Dritten klicken, werden Sie auf dessen Website weitergeleitet. Wir empfehlen Ihnen dringend, die Datenschutzrichtlinien jeder von Ihnen besuchten Website zu lesen.<\/p><p>Wir haben keine Kontrolle \u00fcber und \u00fcbernehmen keine Verantwortung f\u00fcr den Inhalt, die Datenschutzrichtlinien oder die Praktiken von Websites oder Diensten Dritter.<\/p><h2>\u00c4nderungen an dieser Datenschutzrichtlinie<\/h2><p>Wir k\u00f6nnen unsere Datenschutzrichtlinie von Zeit zu Zeit aktualisieren. Wir werden Sie \u00fcber etwaige \u00c4nderungen informieren, indem wir die neue Datenschutzrichtlinie auf dieser Seite ver\u00f6ffentlichen.<\/p><p>Vor Inkrafttreten der entsprechenden \u00c4nderung werden wir Sie per E-Mail und\/oder durch einen gut sichtbaren Hinweis im Rahmen unseres Service informieren und das Datum der letzten Aktualisierung in dieser Datenschutzrichtlinie (ganz oben unter \u201eZuletzt aktualisiert\u201c) auf den neuesten Stand bringen.<\/p><p>Wir empfehlen Ihnen, die vorliegende Datenschutzrichtlinie regelm\u00e4\u00dfig auf \u00c4nderungen zu \u00fcberpr\u00fcfen. \u00c4nderungen an dieser Datenschutzrichtlinie treten in Kraft, wenn sie auf dieser Seite ver\u00f6ffentlicht werden.<\/p><h2>Kontakt<\/h2><p>Wenn Sie Fragen zu dieser Datenschutzrichtlinie haben, k\u00f6nnen Sie uns wie folgt kontaktieren:<\/p><ul><li>Per E-Mail: accounts@stoquart.com<\/li><\/ul>\t\t\t\t\t\t\t\t<\/div>\n\t\t\t\t<\/div>\n\t\t\t\t\t<\/div>\n\t\t\t\t<\/div>\n\t\t\t\t<\/div>\n\t\t","protected":false},"excerpt":{"rendered":"<p>Datenschutzrichtlinie Zuletzt aktualisiert: 27. August 2021 Diese Datenschutzrichtlinie bezieht sich auf unsere Richtlinien und Verfahren zur Erfassung, Nutzung und Offenlegung Ihrer Daten f\u00fcr den Fall, dass Sie den Service in Anspruch nehmen. Zudem enth\u00e4lt sie Informationen \u00fcber Ihre Datenschutz- und Pers\u00f6nlichkeitsrechte sowie \u00fcber ihren gesetzlichen Schutz. Wir nutzen Ihre personenbezogenen Daten, um den Service bereitzustellen [&hellip;]<\/p>\n","protected":false},"author":1,"featured_media":0,"parent":0,"menu_order":0,"comment_status":"closed","ping_status":"closed","template":"","meta":{"footnotes":""},"class_list":["post-6674","page","type-page","status-publish","hentry"],"_links":{"self":[{"href":"https:\/\/www.stoquart.com\/de\/wp-json\/wp\/v2\/pages\/6674","targetHints":{"allow":["GET"]}}],"collection":[{"href":"https:\/\/www.stoquart.com\/de\/wp-json\/wp\/v2\/pages"}],"about":[{"href":"https:\/\/www.stoquart.com\/de\/wp-json\/wp\/v2\/types\/page"}],"author":[{"embeddable":true,"href":"https:\/\/www.stoquart.com\/de\/wp-json\/wp\/v2\/users\/1"}],"replies":[{"embeddable":true,"href":"https:\/\/www.stoquart.com\/de\/wp-json\/wp\/v2\/comments?post=6674"}],"version-history":[{"count":19,"href":"https:\/\/www.stoquart.com\/de\/wp-json\/wp\/v2\/pages\/6674\/revisions"}],"predecessor-version":[{"id":7631,"href":"https:\/\/www.stoquart.com\/de\/wp-json\/wp\/v2\/pages\/6674\/revisions\/7631"}],"wp:attachment":[{"href":"https:\/\/www.stoquart.com\/de\/wp-json\/wp\/v2\/media?parent=6674"}],"curies":[{"name":"wp","href":"https:\/\/api.w.org\/{rel}","templated":true}]}}