{"id":6677,"date":"2024-04-22T10:30:27","date_gmt":"2024-04-22T10:30:27","guid":{"rendered":"https:\/\/stoquart.com\/quality-and-affiliations\/"},"modified":"2024-09-27T07:08:00","modified_gmt":"2024-09-27T07:08:00","slug":"qualite-et-affiliations","status":"publish","type":"page","link":"https:\/\/www.stoquart.com\/fr\/qualite-et-affiliations\/","title":{"rendered":"Qualit\u00e9 et affiliations"},"content":{"rendered":"\t\t<div data-elementor-type=\"wp-page\" data-elementor-id=\"6677\" class=\"elementor elementor-6677 elementor-954\" data-elementor-post-type=\"page\">\n\t\t\t\t<div class=\"elementor-element elementor-element-abdcd12 e-flex e-con-boxed e-con e-parent\" data-id=\"abdcd12\" data-element_type=\"container\" data-e-type=\"container\" data-settings=\"{&quot;background_background&quot;:&quot;classic&quot;}\">\n\t\t\t\t\t<div class=\"e-con-inner\">\n\t\t<div class=\"elementor-element elementor-element-1363a97 e-flex e-con-boxed e-con e-child\" data-id=\"1363a97\" data-element_type=\"container\" data-e-type=\"container\">\n\t\t\t\t\t<div class=\"e-con-inner\">\n\t\t<div class=\"elementor-element elementor-element-1e49d34 e-con-full e-flex e-con e-child\" data-id=\"1e49d34\" data-element_type=\"container\" data-e-type=\"container\">\n\t\t\t\t<div class=\"elementor-element elementor-element-617feed breadcrumb elementor-widget elementor-widget-shortcode\" data-id=\"617feed\" data-element_type=\"widget\" data-e-type=\"widget\" data-widget_type=\"shortcode.default\">\n\t\t\t\t<div class=\"elementor-widget-container\">\n\t\t\t\t\t\t\t<div class=\"elementor-shortcode\"><nav aria-label=\"breadcrumbs\" class=\"rank-math-breadcrumb\"><p><span class=\"last\">Accueil<\/span><\/p><\/nav><\/div>\n\t\t\t\t\t\t<\/div>\n\t\t\t\t<\/div>\n\t\t\t\t<div class=\"elementor-element elementor-element-c2c4df7 elementor-widget elementor-widget-heading\" data-id=\"c2c4df7\" data-element_type=\"widget\" data-e-type=\"widget\" data-widget_type=\"heading.default\">\n\t\t\t\t<div class=\"elementor-widget-container\">\n\t\t\t\t\t<h1 class=\"elementor-heading-title elementor-size-default\">Qualit\u00e9 et affiliations<\/h1>\t\t\t\t<\/div>\n\t\t\t\t<\/div>\n\t\t\t\t<\/div>\n\t\t\t\t\t<\/div>\n\t\t\t\t<\/div>\n\t\t\t\t\t<\/div>\n\t\t\t\t<\/div>\n\t\t<div class=\"elementor-element elementor-element-0d6bdf5 e-flex e-con-boxed e-con e-parent\" data-id=\"0d6bdf5\" data-element_type=\"container\" data-e-type=\"container\">\n\t\t\t\t\t<div class=\"e-con-inner\">\n\t\t<div class=\"elementor-element elementor-element-719da87 e-con-full e-flex e-con e-child\" data-id=\"719da87\" data-element_type=\"container\" data-e-type=\"container\">\n\t\t\t\t<div class=\"elementor-element elementor-element-c76bfd7 elementor-widget__width-initial elementor-widget elementor-widget-heading\" data-id=\"c76bfd7\" data-element_type=\"widget\" data-e-type=\"widget\" data-widget_type=\"heading.default\">\n\t\t\t\t<div class=\"elementor-widget-container\">\n\t\t\t\t\t<h2 class=\"elementor-heading-title elementor-size-default\">Qualit\u00e9<\/h2>\t\t\t\t<\/div>\n\t\t\t\t<\/div>\n\t\t\t\t<div class=\"elementor-element elementor-element-ec43b8d elementor-widget elementor-widget-text-editor\" data-id=\"ec43b8d\" data-element_type=\"widget\" data-e-type=\"widget\" data-widget_type=\"text-editor.default\">\n\t\t\t\t<div class=\"elementor-widget-container\">\n\t\t\t\t\t\t\t\t\t<p>La qualit\u00e9 est depuis toujours au centre des pr\u00e9occupations de Stoquart. Au fil des ann\u00e9es, l\u2019entreprise a en permanence d\u00e9montr\u00e9 son souci de la qualit\u00e9 par des livraisons de premier ordre, attest\u00e9es par la fid\u00e9lit\u00e9 hors du commun de ses clients. <\/p>\n<p>Fid\u00e8le \u00e0 cet engagement, Stoquart SA a \u00e9t\u00e9 l\u2019une des premi\u00e8res entreprises de traduction \u00e0 recevoir la certification ISO 9001 en 2001. Depuis lors, Stoquart SA a ajout\u00e9 d\u2019autres certifications : ISO 17100, qui est sp\u00e9cifique au secteur de la traduction, et ISO 18587, pour les exigences relatives au processus de post-\u00e9dition humaine compl\u00e8te d\u2019un texte r\u00e9sultant d\u2019une traduction automatique et aux comp\u00e9tences des post-\u00e9diteurs. <\/p>\n\t\t\t\t\t\t\t\t<\/div>\n\t\t\t\t<\/div>\n\t\t<div class=\"elementor-element elementor-element-63b16d7 e-flex e-con-boxed e-con e-child\" data-id=\"63b16d7\" data-element_type=\"container\" data-e-type=\"container\">\n\t\t\t\t\t<div class=\"e-con-inner\">\n\t\t\t\t<div class=\"elementor-element elementor-element-945db11 elementor-widget elementor-widget-image\" data-id=\"945db11\" data-element_type=\"widget\" data-e-type=\"widget\" data-widget_type=\"image.default\">\n\t\t\t\t<div class=\"elementor-widget-container\">\n\t\t\t\t\t\t\t\t\t\t\t\t\t\t\t<img fetchpriority=\"high\" decoding=\"async\" width=\"800\" height=\"261\" src=\"https:\/\/www.stoquart.com\/wp-content\/uploads\/2024\/04\/ISO18587-800x261-1.jpg\" class=\"attachment-large size-large wp-image-5981\" alt=\"ISO18587\" srcset=\"https:\/\/www.stoquart.com\/wp-content\/uploads\/2024\/04\/ISO18587-800x261-1.jpg 800w, https:\/\/www.stoquart.com\/wp-content\/uploads\/2024\/04\/ISO18587-800x261-1-300x98.jpg 300w, https:\/\/www.stoquart.com\/wp-content\/uploads\/2024\/04\/ISO18587-800x261-1-768x251.jpg 768w\" sizes=\"(max-width: 800px) 100vw, 800px\" title=\"\">\t\t\t\t\t\t\t\t\t\t\t\t\t\t\t<\/div>\n\t\t\t\t<\/div>\n\t\t\t\t<div class=\"elementor-element elementor-element-8b8686f elementor-widget elementor-widget-image\" data-id=\"8b8686f\" data-element_type=\"widget\" data-e-type=\"widget\" data-widget_type=\"image.default\">\n\t\t\t\t<div class=\"elementor-widget-container\">\n\t\t\t\t\t\t\t\t\t\t\t\t\t\t\t<img decoding=\"async\" width=\"300\" height=\"184\" src=\"https:\/\/www.stoquart.com\/wp-content\/uploads\/2024\/04\/ISO9001.jpg\" class=\"attachment-large size-large wp-image-5977\" alt=\"ISO9001\" title=\"\">\t\t\t\t\t\t\t\t\t\t\t\t\t\t\t<\/div>\n\t\t\t\t<\/div>\n\t\t\t\t<div class=\"elementor-element elementor-element-91f8ea5 elementor-widget elementor-widget-image\" data-id=\"91f8ea5\" data-element_type=\"widget\" data-e-type=\"widget\" data-widget_type=\"image.default\">\n\t\t\t\t<div class=\"elementor-widget-container\">\n\t\t\t\t\t\t\t\t\t\t\t\t\t\t\t<img decoding=\"async\" width=\"800\" height=\"261\" src=\"https:\/\/www.stoquart.com\/wp-content\/uploads\/2024\/04\/ISO17100-800x261-1.jpg\" class=\"attachment-large size-large wp-image-5973\" alt=\"ISO17100\" srcset=\"https:\/\/www.stoquart.com\/wp-content\/uploads\/2024\/04\/ISO17100-800x261-1.jpg 800w, https:\/\/www.stoquart.com\/wp-content\/uploads\/2024\/04\/ISO17100-800x261-1-300x98.jpg 300w, https:\/\/www.stoquart.com\/wp-content\/uploads\/2024\/04\/ISO17100-800x261-1-768x251.jpg 768w\" sizes=\"(max-width: 800px) 100vw, 800px\" title=\"\">\t\t\t\t\t\t\t\t\t\t\t\t\t\t\t<\/div>\n\t\t\t\t<\/div>\n\t\t\t\t\t<\/div>\n\t\t\t\t<\/div>\n\t\t\t\t<\/div>\n\t\t\t\t\t<\/div>\n\t\t\t\t<\/div>\n\t\t<div class=\"elementor-element elementor-element-3616172 e-flex e-con-boxed e-con e-parent\" data-id=\"3616172\" data-element_type=\"container\" data-e-type=\"container\">\n\t\t\t\t\t<div class=\"e-con-inner\">\n\t\t<div class=\"elementor-element elementor-element-689a802 e-con-full e-flex e-con e-child\" data-id=\"689a802\" data-element_type=\"container\" data-e-type=\"container\">\n\t\t\t\t<div class=\"elementor-element elementor-element-2a5a68e elementor-widget__width-initial elementor-widget elementor-widget-heading\" data-id=\"2a5a68e\" data-element_type=\"widget\" data-e-type=\"widget\" data-widget_type=\"heading.default\">\n\t\t\t\t<div class=\"elementor-widget-container\">\n\t\t\t\t\t<h2 class=\"elementor-heading-title elementor-size-default\">Affiliations<\/h2>\t\t\t\t<\/div>\n\t\t\t\t<\/div>\n\t\t\t\t<div class=\"elementor-element elementor-element-ec62d75 elementor-widget elementor-widget-text-editor\" data-id=\"ec62d75\" data-element_type=\"widget\" data-e-type=\"widget\" data-widget_type=\"text-editor.default\">\n\t\t\t\t<div class=\"elementor-widget-container\">\n\t\t\t\t\t\t\t\t\t<p>Stoquart a toujours jou\u00e9 un r\u00f4le actif dans les organisations dont elle est membre, notamment GALA, Elia, la BQTA (en Belgique), l\u2019EUATC, la CNET (en France), Unilingue (en Italie) et la CLIA (au Canada).<\/p>\n<p><span style=\"color: var( --e-global-color-text ); font-family: var( --e-global-typography-text-font-family ), Sans-serif; font-size: var( --e-global-typography-text-font-size ); font-style: var( --e-global-typography-text-font-style ); font-weight: var( --e-global-typography-text-font-weight ); text-align: var(--text-align);\">Dimitri Stoquart a si\u00e9g\u00e9 au Conseil d\u2019administration de GALA et fait d\u00e9sormais partie du GALA Member Programme Committee. Il est \u00e9galement l\u2019actuel pr\u00e9sident de la BQTA (l\u2019Association belge des agences de traduction), elle-m\u00eame membre de l\u2019EUATC. <\/span><\/p>\n<p><span style=\"color: var( --e-global-color-text ); font-family: var( --e-global-typography-text-font-family ), Sans-serif; font-size: var( --e-global-typography-text-font-size ); font-style: var( --e-global-typography-text-font-style ); font-weight: var( --e-global-typography-text-font-weight ); text-align: var(--text-align);\">Mario Spoto est membre du Conseil d\u2019administration d\u2019Unilingue (Association italienne des agences de traduction), elle-m\u00eame \u00e9galement membre de l\u2019EUATC.<\/span><\/p>\t\t\t\t\t\t\t\t<\/div>\n\t\t\t\t<\/div>\n\t\t<div class=\"elementor-element elementor-element-a8df2cd e-flex e-con-boxed e-con e-child\" data-id=\"a8df2cd\" data-element_type=\"container\" data-e-type=\"container\">\n\t\t\t\t\t<div class=\"e-con-inner\">\n\t\t\t\t<div class=\"elementor-element elementor-element-a15e6fc elementor-widget elementor-widget-image\" data-id=\"a15e6fc\" data-element_type=\"widget\" data-e-type=\"widget\" data-widget_type=\"image.default\">\n\t\t\t\t<div class=\"elementor-widget-container\">\n\t\t\t\t\t\t\t\t\t\t\t\t\t\t\t\t<a href=\"https:\/\/language-industry.ca\/en\" target=\"_blank\" rel=\"noopener\">\n\t\t\t\t\t\t\t<img loading=\"lazy\" decoding=\"async\" width=\"246\" height=\"86\" src=\"https:\/\/www.stoquart.com\/wp-content\/uploads\/2024\/09\/European-union-of-associations-of-translation-companies.png\" class=\"attachment-large size-large wp-image-11270\" alt=\"\" title=\"\">\t\t\t\t\t\t\t\t<\/a>\n\t\t\t\t\t\t\t\t\t\t\t\t\t\t\t<\/div>\n\t\t\t\t<\/div>\n\t\t\t\t<div class=\"elementor-element elementor-element-ed3df3c elementor-widget elementor-widget-image\" data-id=\"ed3df3c\" data-element_type=\"widget\" data-e-type=\"widget\" data-widget_type=\"image.default\">\n\t\t\t\t<div class=\"elementor-widget-container\">\n\t\t\t\t\t\t\t\t\t\t\t\t\t\t\t\t<a href=\"https:\/\/bqta.be\/\" target=\"_blank\" rel=\"noopener\">\n\t\t\t\t\t\t\t<img loading=\"lazy\" decoding=\"async\" width=\"772\" height=\"338\" src=\"https:\/\/www.stoquart.com\/wp-content\/uploads\/2024\/04\/bqta_full_logo_rgb.png\" class=\"attachment-large size-large wp-image-6353\" alt=\"BQTA Logo\" srcset=\"https:\/\/www.stoquart.com\/wp-content\/uploads\/2024\/04\/bqta_full_logo_rgb.png 772w, https:\/\/www.stoquart.com\/wp-content\/uploads\/2024\/04\/bqta_full_logo_rgb-300x131.png 300w, https:\/\/www.stoquart.com\/wp-content\/uploads\/2024\/04\/bqta_full_logo_rgb-768x336.png 768w\" sizes=\"(max-width: 772px) 100vw, 772px\" title=\"\">\t\t\t\t\t\t\t\t<\/a>\n\t\t\t\t\t\t\t\t\t\t\t\t\t\t\t<\/div>\n\t\t\t\t<\/div>\n\t\t\t\t<div class=\"elementor-element elementor-element-7564847 elementor-widget elementor-widget-image\" data-id=\"7564847\" data-element_type=\"widget\" data-e-type=\"widget\" data-widget_type=\"image.default\">\n\t\t\t\t<div class=\"elementor-widget-container\">\n\t\t\t\t\t\t\t\t\t\t\t\t\t\t\t\t<a href=\"https:\/\/www.unilingue.it\/\" target=\"_blank\" rel=\"noopener\">\n\t\t\t\t\t\t\t<img loading=\"lazy\" decoding=\"async\" width=\"629\" height=\"75\" src=\"https:\/\/www.stoquart.com\/wp-content\/uploads\/2024\/04\/unilingue-confindustria-medio.jpg\" class=\"attachment-large size-large wp-image-6345\" alt=\"unilingue confindustria medio logo\" srcset=\"https:\/\/www.stoquart.com\/wp-content\/uploads\/2024\/04\/unilingue-confindustria-medio.jpg 629w, https:\/\/www.stoquart.com\/wp-content\/uploads\/2024\/04\/unilingue-confindustria-medio-300x36.jpg 300w\" sizes=\"(max-width: 629px) 100vw, 629px\" title=\"\">\t\t\t\t\t\t\t\t<\/a>\n\t\t\t\t\t\t\t\t\t\t\t\t\t\t\t<\/div>\n\t\t\t\t<\/div>\n\t\t\t\t\t<\/div>\n\t\t\t\t<\/div>\n\t\t<div class=\"elementor-element elementor-element-6c223e1 e-flex e-con-boxed e-con e-child\" data-id=\"6c223e1\" data-element_type=\"container\" data-e-type=\"container\">\n\t\t\t\t\t<div class=\"e-con-inner\">\n\t\t\t\t<div class=\"elementor-element elementor-element-6d30554 elementor-widget elementor-widget-image\" data-id=\"6d30554\" data-element_type=\"widget\" data-e-type=\"widget\" data-widget_type=\"image.default\">\n\t\t\t\t<div class=\"elementor-widget-container\">\n\t\t\t\t\t\t\t\t\t\t\t\t\t\t\t\t<a href=\"https:\/\/www.gala-global.org\/\" target=\"_blank\" rel=\"noopener\">\n\t\t\t\t\t\t\t<img loading=\"lazy\" decoding=\"async\" width=\"800\" height=\"585\" src=\"https:\/\/www.stoquart.com\/wp-content\/uploads\/2024\/04\/Gala_MemberCompanyButton-1024x749.jpg\" class=\"attachment-large size-large wp-image-6357\" alt=\"Gala Member Company logo\" srcset=\"https:\/\/www.stoquart.com\/wp-content\/uploads\/2024\/04\/Gala_MemberCompanyButton-1024x749.jpg 1024w, https:\/\/www.stoquart.com\/wp-content\/uploads\/2024\/04\/Gala_MemberCompanyButton-300x220.jpg 300w, https:\/\/www.stoquart.com\/wp-content\/uploads\/2024\/04\/Gala_MemberCompanyButton-768x562.jpg 768w, https:\/\/www.stoquart.com\/wp-content\/uploads\/2024\/04\/Gala_MemberCompanyButton.jpg 1242w\" sizes=\"(max-width: 800px) 100vw, 800px\" title=\"\">\t\t\t\t\t\t\t\t<\/a>\n\t\t\t\t\t\t\t\t\t\t\t\t\t\t\t<\/div>\n\t\t\t\t<\/div>\n\t\t\t\t<div class=\"elementor-element elementor-element-e26a47c elementor-widget elementor-widget-image\" data-id=\"e26a47c\" data-element_type=\"widget\" data-e-type=\"widget\" data-widget_type=\"image.default\">\n\t\t\t\t<div class=\"elementor-widget-container\">\n\t\t\t\t\t\t\t\t\t\t\t\t\t\t\t\t<a href=\"https:\/\/cnetfrance.org\/\" target=\"_blank\" rel=\"noopener\">\n\t\t\t\t\t\t\t<img loading=\"lazy\" decoding=\"async\" width=\"350\" height=\"197\" src=\"https:\/\/www.stoquart.com\/wp-content\/uploads\/2024\/04\/Logo_CNET_CADRE.png\" class=\"attachment-large size-large wp-image-6349\" alt=\"CNET logo\" srcset=\"https:\/\/www.stoquart.com\/wp-content\/uploads\/2024\/04\/Logo_CNET_CADRE.png 350w, https:\/\/www.stoquart.com\/wp-content\/uploads\/2024\/04\/Logo_CNET_CADRE-300x169.png 300w\" sizes=\"(max-width: 350px) 100vw, 350px\" title=\"\">\t\t\t\t\t\t\t\t<\/a>\n\t\t\t\t\t\t\t\t\t\t\t\t\t\t\t<\/div>\n\t\t\t\t<\/div>\n\t\t\t\t<div class=\"elementor-element elementor-element-cc1a5a8 elementor-widget elementor-widget-image\" data-id=\"cc1a5a8\" data-element_type=\"widget\" data-e-type=\"widget\" data-widget_type=\"image.default\">\n\t\t\t\t<div class=\"elementor-widget-container\">\n\t\t\t\t\t\t\t\t\t\t\t\t\t\t\t\t<a href=\"https:\/\/elia-association.org\/\" target=\"_blank\" rel=\"noopener\">\n\t\t\t\t\t\t\t<img loading=\"lazy\" decoding=\"async\" width=\"800\" height=\"441\" src=\"https:\/\/www.stoquart.com\/wp-content\/uploads\/2024\/04\/Elia_Logo_positiv_rgb-1024x565.png\" class=\"attachment-large size-large wp-image-6361\" alt=\"Elia Logo\" srcset=\"https:\/\/www.stoquart.com\/wp-content\/uploads\/2024\/04\/Elia_Logo_positiv_rgb-1024x565.png 1024w, https:\/\/www.stoquart.com\/wp-content\/uploads\/2024\/04\/Elia_Logo_positiv_rgb-300x166.png 300w, https:\/\/www.stoquart.com\/wp-content\/uploads\/2024\/04\/Elia_Logo_positiv_rgb-768x424.png 768w, https:\/\/www.stoquart.com\/wp-content\/uploads\/2024\/04\/Elia_Logo_positiv_rgb.png 1268w\" sizes=\"(max-width: 800px) 100vw, 800px\" title=\"\">\t\t\t\t\t\t\t\t<\/a>\n\t\t\t\t\t\t\t\t\t\t\t\t\t\t\t<\/div>\n\t\t\t\t<\/div>\n\t\t\t\t\t<\/div>\n\t\t\t\t<\/div>\n\t\t\t\t<\/div>\n\t\t\t\t\t<\/div>\n\t\t\t\t<\/div>\n\t\t<div class=\"elementor-element elementor-element-4170e7c e-flex e-con-boxed e-con e-parent\" data-id=\"4170e7c\" data-element_type=\"container\" data-e-type=\"container\" data-settings=\"{&quot;background_background&quot;:&quot;classic&quot;}\">\n\t\t\t\t\t<div class=\"e-con-inner\">\n\t\t<div class=\"elementor-element elementor-element-c3bc4e5 e-flex e-con-boxed e-con e-child\" data-id=\"c3bc4e5\" data-element_type=\"container\" data-e-type=\"container\">\n\t\t\t\t\t<div class=\"e-con-inner\">\n\t\t\t\t<div class=\"elementor-element elementor-element-d83302b elementor-widget elementor-widget-heading\" data-id=\"d83302b\" data-element_type=\"widget\" data-e-type=\"widget\" data-widget_type=\"heading.default\">\n\t\t\t\t<div class=\"elementor-widget-container\">\n\t\t\t\t\t<div class=\"elementor-heading-title elementor-size-default\">Obtenez un devis gratuit<\/div>\t\t\t\t<\/div>\n\t\t\t\t<\/div>\n\t\t\t\t<div class=\"elementor-element elementor-element-5a55ea8 elementor-widget elementor-widget-heading\" data-id=\"5a55ea8\" data-element_type=\"widget\" data-e-type=\"widget\" data-widget_type=\"heading.default\">\n\t\t\t\t<div class=\"elementor-widget-container\">\n\t\t\t\t\t<div class=\"elementor-heading-title elementor-size-default\">Le moyen le plus simple d'obtenir rapidement la traduction de vos documents.<\/div>\t\t\t\t<\/div>\n\t\t\t\t<\/div>\n\t\t\t\t\t<\/div>\n\t\t\t\t<\/div>\n\t\t<div class=\"elementor-element elementor-element-2098114 e-flex e-con-boxed e-con e-child\" data-id=\"2098114\" data-element_type=\"container\" data-e-type=\"container\">\n\t\t\t\t\t<div class=\"e-con-inner\">\n\t\t\t\t<div class=\"elementor-element elementor-element-c913fd6 elementor-align-left elementor-widget elementor-widget-button\" data-id=\"c913fd6\" data-element_type=\"widget\" data-e-type=\"widget\" data-widget_type=\"button.default\">\n\t\t\t\t<div class=\"elementor-widget-container\">\n\t\t\t\t\t\t\t\t\t<div class=\"elementor-button-wrapper\">\n\t\t\t\t\t<a class=\"elementor-button elementor-button-link elementor-size-sm elementor-animation-float\" href=\"https:\/\/www.stoquart.com\/fr\/obtenir-un-devis\/\">\n\t\t\t\t\t\t<span class=\"elementor-button-content-wrapper\">\n\t\t\t\t\t\t<span class=\"elementor-button-icon\">\n\t\t\t\t<svg aria-hidden=\"true\" class=\"e-font-icon-svg e-fas-angle-right\" viewBox=\"0 0 256 512\" xmlns=\"http:\/\/www.w3.org\/2000\/svg\"><path d=\"M224.3 273l-136 136c-9.4 9.4-24.6 9.4-33.9 0l-22.6-22.6c-9.4-9.4-9.4-24.6 0-33.9l96.4-96.4-96.4-96.4c-9.4-9.4-9.4-24.6 0-33.9L54.3 103c9.4-9.4 24.6-9.4 33.9 0l136 136c9.5 9.4 9.5 24.6.1 34z\"><\/path><\/svg>\t\t\t<\/span>\n\t\t\t\t\t\t\t\t\t<span class=\"elementor-button-text\">Devis gratuit<\/span>\n\t\t\t\t\t<\/span>\n\t\t\t\t\t<\/a>\n\t\t\t\t<\/div>\n\t\t\t\t\t\t\t\t<\/div>\n\t\t\t\t<\/div>\n\t\t\t\t\t<\/div>\n\t\t\t\t<\/div>\n\t\t\t\t\t<\/div>\n\t\t\t\t<\/div>\n\t\t\t\t<\/div>\n\t\t","protected":false},"excerpt":{"rendered":"<p>Qualit\u00e9 et affiliations Qualit\u00e9 La qualit\u00e9 est depuis toujours au centre des pr\u00e9occupations de Stoquart. Au fil des ann\u00e9es, l\u2019entreprise a en permanence d\u00e9montr\u00e9 son souci de la qualit\u00e9 par des livraisons de premier ordre, attest\u00e9es par la fid\u00e9lit\u00e9 hors du commun de ses clients. Fid\u00e8le \u00e0 cet engagement, Stoquart SA a \u00e9t\u00e9 l\u2019une des [&hellip;]<\/p>\n","protected":false},"author":2,"featured_media":0,"parent":0,"menu_order":0,"comment_status":"closed","ping_status":"closed","template":"","meta":{"footnotes":""},"class_list":["post-6677","page","type-page","status-publish","hentry"],"_links":{"self":[{"href":"https:\/\/www.stoquart.com\/fr\/wp-json\/wp\/v2\/pages\/6677","targetHints":{"allow":["GET"]}}],"collection":[{"href":"https:\/\/www.stoquart.com\/fr\/wp-json\/wp\/v2\/pages"}],"about":[{"href":"https:\/\/www.stoquart.com\/fr\/wp-json\/wp\/v2\/types\/page"}],"author":[{"embeddable":true,"href":"https:\/\/www.stoquart.com\/fr\/wp-json\/wp\/v2\/users\/2"}],"replies":[{"embeddable":true,"href":"https:\/\/www.stoquart.com\/fr\/wp-json\/wp\/v2\/comments?post=6677"}],"version-history":[{"count":32,"href":"https:\/\/www.stoquart.com\/fr\/wp-json\/wp\/v2\/pages\/6677\/revisions"}],"predecessor-version":[{"id":11279,"href":"https:\/\/www.stoquart.com\/fr\/wp-json\/wp\/v2\/pages\/6677\/revisions\/11279"}],"wp:attachment":[{"href":"https:\/\/www.stoquart.com\/fr\/wp-json\/wp\/v2\/media?parent=6677"}],"curies":[{"name":"wp","href":"https:\/\/api.w.org\/{rel}","templated":true}]}}