{"id":6675,"date":"2024-03-26T13:37:30","date_gmt":"2024-03-26T13:37:30","guid":{"rendered":"https:\/\/stoquart.com\/privacy-policy\/"},"modified":"2024-05-24T13:20:17","modified_gmt":"2024-05-24T13:20:17","slug":"informativa-sulla-privacy","status":"publish","type":"page","link":"https:\/\/www.stoquart.com\/it\/informativa-sulla-privacy\/","title":{"rendered":"Informativa sulla privacy"},"content":{"rendered":"\t\t<div data-elementor-type=\"wp-page\" data-elementor-id=\"6675\" class=\"elementor elementor-6675 elementor-3\" data-elementor-post-type=\"page\">\n\t\t\t\t<div class=\"elementor-element elementor-element-c39ce9c e-flex e-con-boxed e-con e-parent\" data-id=\"c39ce9c\" data-element_type=\"container\" data-e-type=\"container\" data-settings=\"{&quot;background_background&quot;:&quot;classic&quot;}\">\n\t\t\t\t\t<div class=\"e-con-inner\">\n\t\t<div class=\"elementor-element elementor-element-6adfa7b e-flex e-con-boxed e-con e-child\" data-id=\"6adfa7b\" data-element_type=\"container\" data-e-type=\"container\">\n\t\t\t\t\t<div class=\"e-con-inner\">\n\t\t<div class=\"elementor-element elementor-element-18117d6 e-con-full e-flex e-con e-child\" data-id=\"18117d6\" data-element_type=\"container\" data-e-type=\"container\">\n\t\t\t\t<div class=\"elementor-element elementor-element-de632d5 breadcrumb elementor-widget elementor-widget-shortcode\" data-id=\"de632d5\" data-element_type=\"widget\" data-e-type=\"widget\" data-widget_type=\"shortcode.default\">\n\t\t\t\t<div class=\"elementor-widget-container\">\n\t\t\t\t\t\t\t<div class=\"elementor-shortcode\"><nav aria-label=\"breadcrumbs\" class=\"rank-math-breadcrumb\"><p><span class=\"last\">Casa<\/span><\/p><\/nav><\/div>\n\t\t\t\t\t\t<\/div>\n\t\t\t\t<\/div>\n\t\t\t\t<div class=\"elementor-element elementor-element-84d7b28 elementor-widget elementor-widget-heading\" data-id=\"84d7b28\" data-element_type=\"widget\" data-e-type=\"widget\" data-widget_type=\"heading.default\">\n\t\t\t\t<div class=\"elementor-widget-container\">\n\t\t\t\t\t<h1 class=\"elementor-heading-title elementor-size-default\">Informativa sulla privacy<\/h1>\t\t\t\t<\/div>\n\t\t\t\t<\/div>\n\t\t\t\t<\/div>\n\t\t\t\t\t<\/div>\n\t\t\t\t<\/div>\n\t\t\t\t\t<\/div>\n\t\t\t\t<\/div>\n\t\t<div class=\"elementor-element elementor-element-9fc85a5 e-flex e-con-boxed e-con e-parent\" data-id=\"9fc85a5\" data-element_type=\"container\" data-e-type=\"container\">\n\t\t\t\t\t<div class=\"e-con-inner\">\n\t\t\t\t<div class=\"elementor-element elementor-element-4e275977 elementor-widget elementor-widget-text-editor\" data-id=\"4e275977\" data-element_type=\"widget\" data-e-type=\"widget\" data-widget_type=\"text-editor.default\">\n\t\t\t\t<div class=\"elementor-widget-container\">\n\t\t\t\t\t\t\t\t\t<p>Ultimo aggiornamento: 27 agosto 2021<\/p><p>La presente Informativa sulla privacy descrive le nostre politiche e procedure relative alla raccolta, all\u2019utilizzo e alla divulgazione dei dati dell\u2019Utente quando quest\u2019ultimo utilizza il Servizio e fornisce all\u2019Utente informazioni sui suoi diritti alla privacy e sulle tutele previste dalla legge. Utilizziamo i Dati personali dell\u2019Utente per fornire e migliorare il Servizio. Utilizzando il Servizio, l\u2019Utente accetta la raccolta e l\u2019utilizzo delle informazioni in conformit\u00e0 con la presente Informativa sulla privacy. La presente Informativa sulla privacy \u00e8 stata creata con il generatore automatico di informative sulla privacy.<\/p><h2>Interpretazione e definizioni<\/h2><h3>Interpretazione<\/h3><p>Le parole con lettera iniziale maiuscola hanno un significato definito nelle seguenti condizioni. Le seguenti definizioni hanno lo stesso significato, indipendentemente dal fatto che appaiano al singolare o al plurale.<\/p><h3>Definizioni<\/h3><p>Ai fini della presente Informativa sulla privacy:<\/p><ul><li><p class=\"p1\">Per <span class=\"s1\"><b>Account<\/b><\/span> si intende un account univoco creato per consentire all\u2019Utente di accedere al nostro Servizio o a parti di esso.<\/p><\/li><li><p class=\"p1\">Per <span class=\"s1\"><b>Societ\u00e0<\/b><\/span> (indicata come \u201cla Societ\u00e0\u201d, \u201cNoi\u201d, \u201cCi\u201d o \u201cNostro\/a\u201d nel presente accordo) si intende Stoquart, Boulevard Initialis 20, 7000 Mons (Belgio).<\/p><\/li><li><p class=\"p1\">I <span class=\"s1\"><b>Cookie<\/b><\/span> sono piccoli file che vengono inseriti da un sito web nel computer, nel dispositivo mobile o in qualsiasi altro dispositivo dell\u2019Utente e che contengono, tra le altre cose, i dettagli della cronologia di navigazione dell\u2019Utente in quel sito web.<\/p><\/li><li><p class=\"p1\">Il <span class=\"s1\"><b>Paese<\/b><\/span> si riferisce a: Belgio<\/p><\/li><li><p class=\"p1\">Per <span class=\"s1\"><b>Dispositivo<\/b><\/span> si intende qualsiasi dispositivo in grado di accedere al Servizio, ad esempio un computer, un cellulare o un tablet.<\/p><\/li><li><p class=\"p1\">I <span class=\"s1\"><b>Dati personali<\/b><\/span> sono tutte le informazioni relative a un individuo identificato o identificabile.<\/p><\/li><li><p class=\"p1\">Il <span class=\"s1\"><b>Servizio<\/b><\/span> si riferisce al sito web.<\/p><\/li><li><p class=\"p1\">Per <span class=\"s1\"><b>Fornitore di servizi<\/b><\/span> si intende qualsiasi persona fisica o giuridica che si occupa del trattamento dei dati per conto della Societ\u00e0. Il termine si riferisce a societ\u00e0 o persone terze impiegate dalla Societ\u00e0 per facilitare il Servizio, per fornire il Servizio per conto della Societ\u00e0, per eseguire servizi legati al Servizio o per assistere la Societ\u00e0 nell\u2019analisi delle modalit\u00e0 di utilizzo del Servizio.<\/p><\/li><li><p class=\"p1\">I <span class=\"s1\"><b>Dati di utilizzo<\/b><\/span> si riferiscono a dati raccolti automaticamente, generati dall\u2019uso del Servizio o dalla stessa infrastruttura del Servizio (ad esempio, la durata della visita di una pagina).<\/p><\/li><li><p class=\"p1\">Il <span class=\"s1\"><b>Sito web<\/b><\/span> fa riferimento a Stoquart, accessibile all\u2019indirizzo <a href=\"https:\/\/www.stoquart.com\/\"><span class=\"s2\">https:\/\/www.stoquart.com\/<\/span><\/a>.<\/p><\/li><li><p class=\"p1\">Per <span class=\"s1\"><b>Utente<\/b><\/span> si intende la persona fisica che accede o utilizza il Servizio, o la societ\u00e0 o altra persona giuridica per conto della quale tale persona fisica accede o utilizza il Servizio, a seconda dei casi.<\/p><\/li><\/ul><h2>Raccolta e utilizzo dei Dati personali<\/h2><h3>Tipi di dati raccolti<\/h3><h4>Dati personali<\/h4><p>Durante l\u2019utilizzo del nostro Servizio, potremmo chiedervi di fornirci alcune informazioni di identificazione personale che possano essere utilizzate per contattarvi o identificarvi. Le informazioni di identificazione personale possono includere, a titolo esemplificativo ma non esaustivo:<\/p><ul><li>Indirizzo e-mail<\/li><li>Nome e cognome<\/li><li>Numero di telefono<\/li><li>Indirizzo, Stato, Provincia, CAP, Citt\u00e0<\/li><li>Dati di utilizzo<\/li><\/ul><h4>Dati di utilizzo<\/h4><p>I Dati di utilizzo vengono raccolti automaticamente durante l\u2019utilizzo del Servizio. I Dati di utilizzo possono includere informazioni quali l\u2019indirizzo del protocollo Internet del Dispositivo dell\u2019Utente (ad esempio, l\u2019indirizzo IP), il tipo di browser, la versione del browser, le pagine del nostro Servizio visitate dall\u2019Utente, l\u2019ora e la data della visita, il tempo trascorso su tali pagine, gli identificatori univoci del dispositivo e altri dati diagnostici. Quando l\u2019Utente accede al Servizio da o tramite un dispositivo mobile, possiamo raccogliere automaticamente alcune informazioni, tra cui, a titolo esemplificativo, il tipo di dispositivo mobile utilizzato dall\u2019Utente, l\u2019ID univoco del dispositivo mobile, l\u2019indirizzo IP del dispositivo mobile, il sistema operativo mobile, il tipo di browser Internet mobile utilizzato dall\u2019Utente, gli identificatori univoci del dispositivo e altri dati diagnostici. Possiamo anche raccogliere le informazioni che il browser dell\u2019Utente invia ogni volta che visita il nostro Servizio o quando accede al Servizio da o tramite un dispositivo mobile.<\/p><h4>Tecnologie di tracciamento e Cookie<\/h4><p>Utilizziamo i Cookie e tecnologie di tracciamento simili per monitorare l\u2019attivit\u00e0 sul nostro Servizio e archiviare determinate informazioni. Le tecnologie di tracciamento utilizzate sono beacon, tag e script per raccogliere e tenere traccia di informazioni e per migliorare e analizzare il nostro Servizio. Le tecnologie che utilizziamo possono includere:<\/p><ul><li><p class=\"p1\"><span class=\"s1\"><b>Cookie o Cookie del browser.<\/b><\/span> Un cookie \u00e8 un file di piccole dimensioni presente nel Dispositivo dell\u2019Utente. L\u2019Utente pu\u00f2 indicare al proprio browser di rifiutare tutti i Cookie o di segnalare l\u2019invio di un Cookie. Tuttavia, se l\u2019Utente non accetta i Cookie, potrebbe non essere in grado di utilizzare alcune parti del nostro Servizio. A meno che l\u2019Utente non abbia regolato le impostazioni del browser in modo da rifiutare i Cookie, il nostro Servizio pu\u00f2 utilizzarli.<\/p><\/li><li><p class=\"p1\"><span class=\"s1\"><b>Cookie Flash.<\/b><\/span> Alcune funzioni del nostro Servizio possono utilizzare oggetti archiviati localmente (o Cookie Flash) per raccogliere e archiviare informazioni sulle preferenze dell\u2019Utente o sulla sua attivit\u00e0 nel nostro Servizio. I Cookie Flash non sono gestiti dalle stesse impostazioni del browser utilizzate per i Cookie del browser. Per ulteriori informazioni su come eliminare i Cookie Flash, leggere \u201cWhere can I change the settings for disabling, or deleting local shared objects?\u201d disponibile all\u2019indirizzo <a href=\"https:\/\/helpx.adobe.com\/flash-player\/kb\/disable-local-shared-objects-flash.html#main_Where_can_I_change_the_settings_for_disabling__or_deleting_local_shared_objects_\" target=\"_blank\" rel=\"noopener\"><span class=\"s2\">https:\/\/helpx.adobe.com\/flash-player\/kb\/disable-local-shared-objects-flash.html#main_Where_can_I_change_the_settings_for_disabling__or_deleting_local_shared_objects_<\/span><\/a>.<\/p><\/li><li><p class=\"p1\"><span class=\"s1\"><b>Web beacon.<\/b><\/span> Alcune sezioni del nostro Servizio e le nostre e-mail possono contenere piccoli file elettronici noti come web beacon (denominati anche \u201cclear gif\u201d, \u201cpixel tag\u201d e \u201csingle-pixel gif\u201d) che consentono alla Societ\u00e0, ad esempio, di contare gli utenti che hanno visitato le pagine o aperto un\u2019e-mail e per altre statistiche relative al sito web (ad esempio, la registrazione della popolarit\u00e0 di una determinata sezione e la verifica dell\u2019integrit\u00e0 del sistema e del server).<\/p><\/li><\/ul><p class=\"p1\">I Cookie possono essere \u201cpersistenti\u201d o \u201cdi sessione\u201d. I Cookie persistenti rimangono nel computer o nel dispositivo mobile dell\u2019Utente anche quando l\u2019Utente non \u00e8 in linea, mentre i Cookie di sessione vengono eliminati appena l\u2019Utente chiude il web browser. Per saperne di pi\u00f9 sui cookie: <a href=\"https:\/\/www.privacypolicies.com\/blog\/cookies\/\" target=\"_blank\" rel=\"noopener\"><span class=\"s1\">What Are Cookies?<\/span><\/a>.<\/p><p class=\"p1\">Utilizziamo sia Cookie di sessione che Cookie persistenti per le finalit\u00e0 indicate di seguito:<\/p><ul><li><p class=\"p1\"><b>Cookie necessari\/essenziali<\/b><\/p><p class=\"p1\">Tipo: Cookie di sessione<\/p><p class=\"p1\">Amministrato da: Noi<\/p><p class=\"p1\">Scopo: questi Cookie sono essenziali per fornire all\u2019Utente i servizi disponibili attraverso il sito web e per consentirgli di utilizzare alcune funzionalit\u00e0. Aiutano ad autenticare gli utenti e a evitare l\u2019uso fraudolento degli account utente. Senza questi Cookie, i servizi richiesti dall\u2019Utente non possono essere forniti. Inoltre, noi utilizziamo questi Cookie solo per fornire all\u2019Utente tali servizi.<\/p><\/li><li><p class=\"p1\"><b>Informativa sui Cookie\/Avviso di accettazione dei Cookie<\/b><\/p><p class=\"p1\">Tipo: Cookie persistenti<\/p><p class=\"p1\">Amministrato da: Noi<\/p><p class=\"p1\">Scopo: questi Cookie indicano se gli utenti hanno accettato l\u2019uso di cookie nel sito web.<\/p><\/li><li><p class=\"p1\"><b>Cookie di funzionalit\u00e0<\/b><\/p><p class=\"p1\">Tipo: Cookie persistenti<\/p><p class=\"p1\">Amministrato da: Noi<\/p><p class=\"p1\">Scopo: questi Cookie consentono di ricordare le scelte effettuate dall\u2019Utente durante l\u2019utilizzo del sito web, ad esempio i dati di accesso o la lingua preferita. Lo scopo di questi Cookie \u00e8 fornire all\u2019Utente un\u2019esperienza pi\u00f9 personale ed evitare che l\u2019Utente debba reinserire le proprie preferenze ogni volta che utilizza il sito web.<\/p><\/li><\/ul><p class=\"p1\">Per ulteriori informazioni sui cookie che utilizziamo e sulle vostre scelte in materia di cookie, consultate la nostra Politica sui Cookie o la sezione Cookie della nostra Informativa sulla privacy.<\/p><h3>Utilizzo dei Dati personali<\/h3><p>La Societ\u00e0 pu\u00f2 utilizzare i Dati personali per i seguenti scopi:<\/p><ul><li><p class=\"p1\"><span class=\"s1\"><b>Per fornire e mantenere il nostro Servizio<\/b><\/span>, compreso il monitoraggio dell\u2019utilizzo del nostro Servizio.<\/p><\/li><li><p class=\"p1\"><span class=\"s1\"><b>Per gestire l\u2019account dell\u2019Utente<\/b><\/span>: per gestire la registrazione come utente del Servizio. I Dati personali forniti dall\u2019Utente possono consentirgli di accedere a diverse funzionalit\u00e0 del Servizio che sono disponibili per ogni utente registrato.<\/p><\/li><li><p class=\"p1\"><span class=\"s1\"><b>Per l\u2019esecuzione di un contratto: <\/b><\/span>lo sviluppo, l\u2019adempimento e l\u2019esecuzione del contratto di acquisto dei prodotti, degli articoli o dei servizi acquistati dall\u2019Utente o di qualsiasi altro contratto stipulato con Noi attraverso il Servizio.<\/p><\/li><li><p class=\"p1\"><span class=\"s1\"><b>Per contattare l\u2019Utente:<\/b><\/span> tramite e-mail, telefonate, SMS o altre forme equivalenti di comunicazione elettronica, come le notifiche push di un\u2019applicazione mobile, in merito agli aggiornamenti o alle comunicazioni a carattere informativo relative alle funzionalit\u00e0, ai prodotti o ai servizi oggetto del contratto, compresi gli aggiornamenti di sicurezza, ove necessario o ragionevole per la loro esecuzione.<\/p><\/li><li><p class=\"p1\"><span class=\"s1\"><b>Per fornire all\u2019Utente<\/b><\/span> notizie, offerte speciali e informazioni generali su altri prodotti, servizi ed eventi che offriamo e che sono simili a quelli gi\u00e0 acquistati o per i quali sono state richieste informazioni, a meno che l\u2019Utente non abbia scelto di non ricevere tali informazioni.<\/p><\/li><li><p class=\"p1\"><span class=\"s1\"><b>Per gestire le richieste dell\u2019Utente:<\/b><\/span> per gestire e soddisfare le richieste dell\u2019Utente.<\/p><\/li><li><p class=\"p1\"><span class=\"s1\"><b>Per i trasferimenti d\u2019azienda:<\/b><\/span> possiamo utilizzare le informazioni dell\u2019Utente per valutare o condurre una fusione, una cessione, una ristrutturazione, una riorganizzazione, uno scioglimento o altro tipo di vendita o trasferimento di alcuni o di tutti i nostri beni, sia come azienda in attivit\u00e0 che come parte di un fallimento, di una liquidazione o di un procedimento simile, in cui i Dati personali in nostro possesso relativi agli utenti del nostro Servizio siano tra i beni trasferiti.<\/p><\/li><li><p class=\"p1\"><span class=\"s1\"><b>Per altri scopi<\/b><\/span>: possiamo utilizzare le informazioni dell\u2019Utente per altri scopi, quali l\u2019analisi dei dati, l\u2019identificazione delle tendenze di utilizzo, la determinazione dell\u2019efficacia delle nostre campagne promozionali, nonch\u00e9 per la valutazione e il miglioramento del nostro Servizio, dei prodotti, dei servizi, del marketing e dell\u2019esperienza utente.<\/p><\/li><\/ul><p class=\"p1\">Possiamo condividere le informazioni personali dell\u2019Utente nelle seguenti situazioni:<\/p><ul><li><p class=\"p1\"><span class=\"s1\"><b>Con i Fornitori di servizi:<\/b><\/span> possiamo condividere le informazioni personali dell\u2019Utente con i Fornitori di servizi per monitorare e analizzare l\u2019uso del nostro Servizio, per contattare l\u2019Utente.<\/p><\/li><li><p class=\"p1\"><span class=\"s1\"><b>Per i trasferimenti d\u2019azienda:<\/b><\/span> possiamo condividere o trasferire le informazioni personali dell\u2019Utente in relazione o durante le trattative di qualsiasi fusione, vendita di beni aziendali, finanziamento o acquisizione di tutta o parte della nostra attivit\u00e0 a un\u2019altra societ\u00e0.<\/p><\/li><li><p class=\"p1\"><span class=\"s1\"><b>Con le nostre societ\u00e0 affiliate:<\/b><\/span> possiamo condividere le informazioni dell\u2019Utente con le nostre societ\u00e0 affiliate, nel qual caso richiederemo a tali societ\u00e0 di rispettare la presente Informativa sulla privacy. Le societ\u00e0 affiliate comprendono la nostra societ\u00e0 madre e qualsiasi altra societ\u00e0 controllata, partner di joint venture o altre societ\u00e0 che controlliamo o che sono sotto controllo comune con Noi.<\/p><\/li><li><p class=\"p1\"><span class=\"s1\"><b>Con i partner commerciali:<\/b><\/span> possiamo condividere le informazioni dell\u2019Utente con i nostri partner commerciali per offrire all\u2019Utente determinati prodotti, servizi o promozioni.<\/p><\/li><li><p class=\"p1\"><span class=\"s1\"><b>Con altri utenti:<\/b><\/span> quando l\u2019Utente condivide informazioni personali o interagisce in altro modo nelle aree pubbliche con altri utenti, tali informazioni possono essere visualizzate da tutti gli utenti e possono essere diffuse pubblicamente all\u2019esterno.<\/p><\/li><li><p class=\"p1\"><span class=\"s1\"><b>Con il consenso dell\u2019Utente<\/b><\/span>: con il consenso dell\u2019Utente possiamo divulgare le informazioni personali dell\u2019Utente per qualsiasi altro scopo.<\/p><\/li><\/ul><h3>Conservazione dei Dati personali dell\u2019Utente<\/h3><p class=\"p1\">La Societ\u00e0 conserver\u00e0 i Dati personali dell\u2019Utente solo per il tempo necessario agli scopi indicati nella presente Informativa sulla privacy. Conserveremo e utilizzeremo i Dati personali dell\u2019Utente nella misura necessaria per adempiere ai nostri obblighi legali (ad esempio, se siamo tenuti a conservare i dati dell\u2019Utente per ottemperare alle leggi applicabili), risolvere controversie e applicare i nostri accordi e le nostre politiche legali.<\/p><p>La Societ\u00e0 conserver\u00e0 inoltre i Dati di utilizzo a scopo di analisi interna. I Dati di utilizzo vengono generalmente conservati per un periodo di tempo pi\u00f9 breve, tranne quando questi dati vengono utilizzati per rafforzare la sicurezza o migliorare la funzionalit\u00e0 del nostro Servizio, o quando siamo legalmente obbligati a conservare questi dati per periodi di tempo pi\u00f9 lunghi.<\/p><h3>Trasferimento dei Dati personali dell\u2019Utente<\/h3><p class=\"p1\">Le informazioni dell\u2019Utente, compresi i Dati personali, sono trattate presso le sedi operative della Societ\u00e0 e in ogni altro luogo in cui si trovino le parti coinvolte nel trattamento. Ci\u00f2 significa che queste informazioni possono essere trasferite a \u2013 e conservate su \u2013 computer situati al di fuori dello stato, provincia, paese o altra giurisdizione governativa dell\u2019Utente, in cui le leggi sulla protezione dei dati possono essere diverse da quelle della giurisdizione dell\u2019Utente.<\/p><p>Il consenso dell\u2019Utente alla presente Informativa sulla privacy seguito dall\u2019invio di tali informazioni rappresenta l\u2019autorizzazione dell\u2019Utente a tale trasferimento. La Societ\u00e0 adotter\u00e0 tutte le misure ragionevolmente necessarie per garantire che i dati dell\u2019Utente siano trattati in modo sicuro e in conformit\u00e0 con la presente Informativa sulla privacy e nessun trasferimento dei Dati personali dell\u2019Utente verr\u00e0 effettuato a un\u2019organizzazione o a un paese a meno che non vi siano controlli adeguati in atto, compresa la sicurezza dei dati dell\u2019Utente e di altre informazioni personali.<\/p><h3>Divulgazione dei Dati personali dell\u2019Utente<\/h3><h4>Transazioni commerciali<\/h4><p>Se la Societ\u00e0 \u00e8 coinvolta in una fusione, un\u2019acquisizione o una vendita di attivit\u00e0, i Dati personali dell\u2019Utente potrebbero essere trasferiti. Informeremo l\u2019Utente prima che i Dati personali vengano trasferiti e siano soggetti a una diversa Informativa sulla privacy.<\/p><h4>Applicazione della legge<\/h4><p>In determinate circostanze, la Societ\u00e0 potrebbe essere tenuta a divulgare i Dati personali dell\u2019Utente se richiesto dalla legge o in risposta a richieste valide da parte di autorit\u00e0 pubbliche (ad esempio, un tribunale o un\u2019agenzia governativa).<\/p><h4>Altri requisiti legali<\/h4><p>La Societ\u00e0 potrebbe divulgare i Dati personali dell\u2019Utente ritenendo in buona fede che tale azione sia necessaria per:<\/p><ul><li>Adempiere a un obbligo legale<\/li><li>Proteggere e difendere i diritti o la propriet\u00e0 della Societ\u00e0<\/li><li>Prevenire o indagare su eventuali illeciti in relazione al Servizio<\/li><li>Proteggere la sicurezza personale degli utenti del Servizio o del pubblico<\/li><li>Proteggere dalla responsabilit\u00e0 legale<\/li><\/ul><h3>Sicurezza dei Dati personali dell\u2019Utente<\/h3><p>La sicurezza dei Dati personali dell\u2019Utente \u00e8 importante per Noi, ma \u00e8 necessario ricordare che nessun metodo di trasmissione su Internet o di archiviazione elettronica \u00e8 sicuro al 100%. Pur sforzandoci di utilizzare mezzi commercialmente accettabili per proteggere i Dati personali dell\u2019Utente, non possiamo garantirne l\u2019assoluta sicurezza.<\/p><h2>Privacy dei bambini<\/h2><p>Il nostro Servizio non si rivolge a persone di et\u00e0 inferiore ai 13 anni. Non raccogliamo consapevolmente informazioni di identificazione personale da persone di et\u00e0 inferiore ai 13 anni. Se l\u2019Utente \u00e8 un genitore o un tutore ed \u00e8 a conoscenza del fatto che il proprio bambino ci ha fornito dei Dati personali, \u00e8 pregato di contattarci. Se veniamo a conoscenza di aver raccolto Dati personali da persone di et\u00e0 inferiore ai 13 anni senza aver verificato il consenso dei genitori, ci attiviamo per rimuovere tali informazioni dai nostri server. Se dobbiamo fare affidamento sul consenso come base giuridica per il trattamento delle informazioni dell\u2019Utente e il paese dell\u2019Utente richiede il consenso di un genitore, possiamo richiedere il consenso del genitore prima di raccogliere e utilizzare tali informazioni.<\/p><h2>Link ad altri siti web<\/h2><p>Il nostro Servizio pu\u00f2 contenere link ad altri siti web che non sono gestiti da Noi. Se l\u2019Utente clicca su un link di terzi, verr\u00e0 indirizzato al sito di questi ultimi. Consigliamo vivamente all\u2019Utente di prendere visione dell\u2019Informativa sulla privacy di ogni sito visitato. Non abbiamo alcun controllo e non ci assumiamo alcuna responsabilit\u00e0 per il contenuto, le politiche sulla privacy o le pratiche di siti o servizi di terzi.<\/p><h2>Modifiche alla presente Informativa sulla privacy<\/h2><p>Possiamo aggiornare la nostra Informativa sulla privacy in qualsiasi momento. Informeremo l\u2019Utente di eventuali modifiche pubblicando la nuova Informativa sulla privacy su questa pagina. Informeremo l\u2019Utente via e-mail e\/o con un avviso ben visibile sul nostro Servizio, prima che la modifica diventi effettiva e aggiorneremo la data dell&#8217;\u201dUltimo aggiornamento\u201d in cima alla presente Informativa sulla privacy. Si consiglia di rivedere periodicamente la presente Informativa sulla privacy per eventuali modifiche. Le modifiche alla presente Informativa sulla privacy entrano in vigore nel momento in cui vengono pubblicate su questa pagina.<\/p><h2>Contatti<\/h2><p>In caso di domande riguardanti la presente Informativa sulla privacy, \u00e8 possibile contattarci:<\/p><ul><li>Tramite e-mail: accounts@stoquart.com<\/li><\/ul>\t\t\t\t\t\t\t\t<\/div>\n\t\t\t\t<\/div>\n\t\t\t\t\t<\/div>\n\t\t\t\t<\/div>\n\t\t\t\t<\/div>\n\t\t","protected":false},"excerpt":{"rendered":"<p>Informativa sulla privacy Ultimo aggiornamento: 27 agosto 2021 La presente Informativa sulla privacy descrive le nostre politiche e procedure relative alla raccolta, all\u2019utilizzo e alla divulgazione dei dati dell\u2019Utente quando quest\u2019ultimo utilizza il Servizio e fornisce all\u2019Utente informazioni sui suoi diritti alla privacy e sulle tutele previste dalla legge. Utilizziamo i Dati personali dell\u2019Utente per [&hellip;]<\/p>\n","protected":false},"author":1,"featured_media":0,"parent":0,"menu_order":0,"comment_status":"closed","ping_status":"closed","template":"","meta":{"footnotes":""},"class_list":["post-6675","page","type-page","status-publish","hentry"],"_links":{"self":[{"href":"https:\/\/www.stoquart.com\/it\/wp-json\/wp\/v2\/pages\/6675","targetHints":{"allow":["GET"]}}],"collection":[{"href":"https:\/\/www.stoquart.com\/it\/wp-json\/wp\/v2\/pages"}],"about":[{"href":"https:\/\/www.stoquart.com\/it\/wp-json\/wp\/v2\/types\/page"}],"author":[{"embeddable":true,"href":"https:\/\/www.stoquart.com\/it\/wp-json\/wp\/v2\/users\/1"}],"replies":[{"embeddable":true,"href":"https:\/\/www.stoquart.com\/it\/wp-json\/wp\/v2\/comments?post=6675"}],"version-history":[{"count":24,"href":"https:\/\/www.stoquart.com\/it\/wp-json\/wp\/v2\/pages\/6675\/revisions"}],"predecessor-version":[{"id":8409,"href":"https:\/\/www.stoquart.com\/it\/wp-json\/wp\/v2\/pages\/6675\/revisions\/8409"}],"wp:attachment":[{"href":"https:\/\/www.stoquart.com\/it\/wp-json\/wp\/v2\/media?parent=6675"}],"curies":[{"name":"wp","href":"https:\/\/api.w.org\/{rel}","templated":true}]}}